{"id":1824,"date":"2025-05-19T12:04:54","date_gmt":"2025-05-19T10:04:54","guid":{"rendered":"https:\/\/www.eurobillboard.sk\/index.php\/tn-50-trencin-2\/"},"modified":"2025-09-30T10:39:23","modified_gmt":"2025-09-30T08:39:23","slug":"tn-51-trencin","status":"publish","type":"page","link":"https:\/\/www.eurobillboard.sk\/index.php\/tn-51-trencin\/","title":{"rendered":"TN 51 &#8211; Tren\u010d\u00edn"},"content":{"rendered":"\t\t<div data-elementor-type=\"wp-page\" data-elementor-id=\"1824\" class=\"elementor elementor-1824\">\n\t\t\t\t<div class=\"elementor-element elementor-element-e0102f3 e-flex e-con-boxed e-con e-parent\" data-id=\"e0102f3\" data-element_type=\"container\">\n\t\t\t\t\t<div class=\"e-con-inner\">\n\t\t\t\t<div class=\"elementor-element elementor-element-328f892 elementor-widget elementor-widget-spacer\" data-id=\"328f892\" data-element_type=\"widget\" data-widget_type=\"spacer.default\">\n\t\t\t\t<div class=\"elementor-widget-container\">\n\t\t\t\t\t\t\t<div class=\"elementor-spacer\">\n\t\t\t<div class=\"elementor-spacer-inner\"><\/div>\n\t\t<\/div>\n\t\t\t\t\t\t<\/div>\n\t\t\t\t<\/div>\n\t\t\t\t\t<\/div>\n\t\t\t\t<\/div>\n\t\t<div class=\"elementor-element elementor-element-f676dd5 elementor-hidden-mobile e-flex e-con-boxed e-con e-parent\" data-id=\"f676dd5\" data-element_type=\"container\">\n\t\t\t\t\t<div class=\"e-con-inner\">\n\t\t\t\t<div class=\"elementor-element elementor-element-f92192c elementor-widget elementor-widget-text-editor\" data-id=\"f92192c\" data-element_type=\"widget\" data-widget_type=\"text-editor.default\">\n\t\t\t\t<div class=\"elementor-widget-container\">\n\t\t\t\t\t\t\t\t\t<p>TN 51 &#8211; Tren\u010d\u00edn<\/p>\t\t\t\t\t\t\t\t<\/div>\n\t\t\t\t<\/div>\n\t\t\t\t\t<\/div>\n\t\t\t\t<\/div>\n\t\t<div class=\"elementor-element elementor-element-896a095 elementor-hidden-desktop elementor-hidden-tablet e-flex e-con-boxed e-con e-parent\" data-id=\"896a095\" data-element_type=\"container\">\n\t\t\t\t\t<div class=\"e-con-inner\">\n\t\t\t\t<div class=\"elementor-element elementor-element-8b7d662 elementor-widget elementor-widget-text-editor\" data-id=\"8b7d662\" data-element_type=\"widget\" data-widget_type=\"text-editor.default\">\n\t\t\t\t<div class=\"elementor-widget-container\">\n\t\t\t\t\t\t\t\t\t<p>TN 51 &#8211; Tren\u010d\u00edn<\/p>\t\t\t\t\t\t\t\t<\/div>\n\t\t\t\t<\/div>\n\t\t\t\t\t<\/div>\n\t\t\t\t<\/div>\n\t\t<div class=\"elementor-element elementor-element-bd39929 e-flex e-con-boxed e-con e-parent\" data-id=\"bd39929\" data-element_type=\"container\">\n\t\t\t\t\t<div class=\"e-con-inner\">\n\t\t\t\t<div class=\"elementor-element elementor-element-c91c997 elementor-widget elementor-widget-spacer\" data-id=\"c91c997\" data-element_type=\"widget\" data-widget_type=\"spacer.default\">\n\t\t\t\t<div class=\"elementor-widget-container\">\n\t\t\t\t\t\t\t<div class=\"elementor-spacer\">\n\t\t\t<div class=\"elementor-spacer-inner\"><\/div>\n\t\t<\/div>\n\t\t\t\t\t\t<\/div>\n\t\t\t\t<\/div>\n\t\t\t\t\t<\/div>\n\t\t\t\t<\/div>\n\t\t<div class=\"elementor-element elementor-element-b295bb3 e-grid e-con-boxed e-con e-parent\" data-id=\"b295bb3\" data-element_type=\"container\">\n\t\t\t\t\t<div class=\"e-con-inner\">\n\t\t\t\t<div class=\"elementor-element elementor-element-9162b0c elementor-widget elementor-widget-image\" data-id=\"9162b0c\" data-element_type=\"widget\" data-widget_type=\"image.default\">\n\t\t\t\t<div class=\"elementor-widget-container\">\n\t\t\t\t\t\t\t\t\t\t\t\t\t\t\t<img fetchpriority=\"high\" decoding=\"async\" width=\"1024\" height=\"768\" src=\"https:\/\/www.eurobillboard.sk\/wp-content\/uploads\/2025\/05\/TN51_2-1024x768.jpg\" class=\"attachment-large size-large wp-image-1832\" alt=\"\" srcset=\"https:\/\/www.eurobillboard.sk\/wp-content\/uploads\/2025\/05\/TN51_2-1024x768.jpg 1024w, https:\/\/www.eurobillboard.sk\/wp-content\/uploads\/2025\/05\/TN51_2-300x225.jpg 300w, https:\/\/www.eurobillboard.sk\/wp-content\/uploads\/2025\/05\/TN51_2-768x576.jpg 768w, https:\/\/www.eurobillboard.sk\/wp-content\/uploads\/2025\/05\/TN51_2-195x146.jpg 195w, https:\/\/www.eurobillboard.sk\/wp-content\/uploads\/2025\/05\/TN51_2-50x37.jpg 50w, https:\/\/www.eurobillboard.sk\/wp-content\/uploads\/2025\/05\/TN51_2-100x75.jpg 100w, https:\/\/www.eurobillboard.sk\/wp-content\/uploads\/2025\/05\/TN51_2-480x360.jpg 480w, https:\/\/www.eurobillboard.sk\/wp-content\/uploads\/2025\/05\/TN51_2.jpg 1291w\" sizes=\"(max-width:767px) 480px, (max-width:1024px) 100vw, 1024px\" \/>\t\t\t\t\t\t\t\t\t\t\t\t\t\t\t<\/div>\n\t\t\t\t<\/div>\n\t\t\t\t<div class=\"elementor-element elementor-element-54498cb elementor-widget elementor-widget-text-editor\" data-id=\"54498cb\" data-element_type=\"widget\" data-widget_type=\"text-editor.default\">\n\t\t\t\t<div class=\"elementor-widget-container\">\n\t\t\t\t\t\t\t\t\t<ul style=\"margin-bottom: 0px; margin-left: 0px; font-style: normal; font-variant-ligatures: normal; font-variant-caps: normal; font-size: 15px; font-family: Poppins, -apple-system, BlinkMacSystemFont, 'Segoe UI', Roboto, Oxygen-Sans, Ubuntu, Cantarell, 'Helvetica Neue', sans-serif; list-style-type: none; color: #626262; text-align: center;\"><li style=\"box-sizing: inherit; margin-bottom: 0px; text-align: left;\"><p><b>Inform\u00e1cie o reklamnej ploche:<br \/><\/b><\/p><\/li><li style=\"box-sizing: inherit; margin-bottom: 0px; text-align: left;\"><p><b>Lokalita: <\/b>Tren\u010d\u00edn, z Kauflandu<\/p><\/li><li style=\"box-sizing: inherit; margin-bottom: 0px; text-align: left;\"><p><b>Rozmer plochy:\u00a0\u00a0<\/b><span style=\"font-weight: 400; letter-spacing: 0px;\">500 x 240 cm<\/span><\/p><\/li><li style=\"box-sizing: inherit; margin-bottom: 0px; text-align: left;\"><p><span style=\"letter-spacing: 0px; box-sizing: inherit; font-weight: bold;\">Smer:\u00a0<\/span><span style=\"font-weight: 400; letter-spacing: 0px;\">OC Laugar\u00edcio<\/span><\/p><\/li><li style=\"font-weight: 400; box-sizing: inherit; margin-bottom: 0px; text-align: left;\"><span style=\"box-sizing: inherit; font-weight: bold;\">Umiestnenie:<\/span>\u00a0Pred mostom prv\u00fd v\u013eavo<\/li><li style=\"font-weight: 400; box-sizing: inherit; margin-bottom: 0px; text-align: left;\">\u00a0<span style=\"font-weight: 400; letter-spacing: 0px;\">\u00a0<\/span><\/li><li style=\"box-sizing: inherit; margin-bottom: 0px; font-weight: 400; text-align: left;\"><span style=\"box-sizing: inherit; font-weight: bold;\">Vidite\u013enos\u0165:<\/span>\u00a0100 %<\/li><\/ul><div><p><span style=\"color: #626262; font-family: Poppins, -apple-system, BlinkMacSystemFont, Segoe UI, Roboto, Oxygen-Sans, Ubuntu, Cantarell, Helvetica Neue, sans-serif;\">\u00a0<\/span><\/p><\/div><div><span style=\"color: #626262; font-family: Poppins, -apple-system, BlinkMacSystemFont, Segoe UI, Roboto, Oxygen-Sans, Ubuntu, Cantarell, Helvetica Neue, sans-serif;\"><i>Katal\u00f3gov\u00e9 \u010d\u00edslo: TN 51<\/i><\/span><\/div>\t\t\t\t\t\t\t\t<\/div>\n\t\t\t\t<\/div>\n\t\t\t\t\t<\/div>\n\t\t\t\t<\/div>\n\t\t<div class=\"elementor-element elementor-element-0a73d14 e-flex e-con-boxed e-con e-parent\" data-id=\"0a73d14\" data-element_type=\"container\">\n\t\t\t\t\t<div class=\"e-con-inner\">\n\t\t\t\t<div class=\"elementor-element elementor-element-e54684a elementor-widget elementor-widget-spacer\" data-id=\"e54684a\" data-element_type=\"widget\" data-widget_type=\"spacer.default\">\n\t\t\t\t<div class=\"elementor-widget-container\">\n\t\t\t\t\t\t\t<div class=\"elementor-spacer\">\n\t\t\t<div class=\"elementor-spacer-inner\"><\/div>\n\t\t<\/div>\n\t\t\t\t\t\t<\/div>\n\t\t\t\t<\/div>\n\t\t\t\t\t<\/div>\n\t\t\t\t<\/div>\n\t\t<div class=\"elementor-element elementor-element-3ba57c0 e-grid elementor-hidden-mobile e-con-boxed e-con e-parent\" data-id=\"3ba57c0\" data-element_type=\"container\">\n\t\t\t\t\t<div class=\"e-con-inner\">\n\t\t\t\t<div class=\"elementor-element elementor-element-05dcff3 e-transform elementor-widget elementor-widget-text-editor\" data-id=\"05dcff3\" data-element_type=\"widget\" data-settings=\"{&quot;_transform_translateY_effect&quot;:{&quot;unit&quot;:&quot;px&quot;,&quot;size&quot;:6,&quot;sizes&quot;:[]},&quot;_transform_translateX_effect&quot;:{&quot;unit&quot;:&quot;px&quot;,&quot;size&quot;:&quot;&quot;,&quot;sizes&quot;:[]},&quot;_transform_translateX_effect_tablet&quot;:{&quot;unit&quot;:&quot;px&quot;,&quot;size&quot;:&quot;&quot;,&quot;sizes&quot;:[]},&quot;_transform_translateX_effect_mobile&quot;:{&quot;unit&quot;:&quot;px&quot;,&quot;size&quot;:&quot;&quot;,&quot;sizes&quot;:[]},&quot;_transform_translateY_effect_tablet&quot;:{&quot;unit&quot;:&quot;px&quot;,&quot;size&quot;:&quot;&quot;,&quot;sizes&quot;:[]},&quot;_transform_translateY_effect_mobile&quot;:{&quot;unit&quot;:&quot;px&quot;,&quot;size&quot;:&quot;&quot;,&quot;sizes&quot;:[]}}\" data-widget_type=\"text-editor.default\">\n\t\t\t\t<div class=\"elementor-widget-container\">\n\t\t\t\t\t\t\t\t\t<p>Obsadenos\u0165 plochy:<\/p>\t\t\t\t\t\t\t\t<\/div>\n\t\t\t\t<\/div>\n\t\t\t\t<div class=\"elementor-element elementor-element-80b270e elementor-widget elementor-widget-image\" data-id=\"80b270e\" data-element_type=\"widget\" data-widget_type=\"image.default\">\n\t\t\t\t<div class=\"elementor-widget-container\">\n\t\t\t\t\t\t\t\t\t\t\t\t\t\t\t<img decoding=\"async\" width=\"469\" height=\"88\" src=\"https:\/\/www.eurobillboard.sk\/wp-content\/uploads\/2025\/03\/Obsadena-plocha.png\" class=\"attachment-full size-full wp-image-333\" alt=\"\" srcset=\"https:\/\/www.eurobillboard.sk\/wp-content\/uploads\/2025\/03\/Obsadena-plocha.png 469w, https:\/\/www.eurobillboard.sk\/wp-content\/uploads\/2025\/03\/Obsadena-plocha-300x56.png 300w, https:\/\/www.eurobillboard.sk\/wp-content\/uploads\/2025\/03\/Obsadena-plocha-260x49.png 260w, https:\/\/www.eurobillboard.sk\/wp-content\/uploads\/2025\/03\/Obsadena-plocha-50x9.png 50w, https:\/\/www.eurobillboard.sk\/wp-content\/uploads\/2025\/03\/Obsadena-plocha-150x28.png 150w\" sizes=\"(max-width:767px) 469px, 469px\" \/>\t\t\t\t\t\t\t\t\t\t\t\t\t\t\t<\/div>\n\t\t\t\t<\/div>\n\t\t\t\t\t<\/div>\n\t\t\t\t<\/div>\n\t\t<div class=\"elementor-element elementor-element-c4d7414 e-grid elementor-hidden-desktop elementor-hidden-tablet e-con-boxed e-con e-parent\" data-id=\"c4d7414\" data-element_type=\"container\">\n\t\t\t\t\t<div class=\"e-con-inner\">\n\t\t\t\t<div class=\"elementor-element elementor-element-cff82dc e-transform elementor-widget elementor-widget-text-editor\" data-id=\"cff82dc\" data-element_type=\"widget\" data-settings=\"{&quot;_transform_translateY_effect&quot;:{&quot;unit&quot;:&quot;px&quot;,&quot;size&quot;:6,&quot;sizes&quot;:[]},&quot;_transform_translateX_effect&quot;:{&quot;unit&quot;:&quot;px&quot;,&quot;size&quot;:&quot;&quot;,&quot;sizes&quot;:[]},&quot;_transform_translateX_effect_tablet&quot;:{&quot;unit&quot;:&quot;px&quot;,&quot;size&quot;:&quot;&quot;,&quot;sizes&quot;:[]},&quot;_transform_translateX_effect_mobile&quot;:{&quot;unit&quot;:&quot;px&quot;,&quot;size&quot;:&quot;&quot;,&quot;sizes&quot;:[]},&quot;_transform_translateY_effect_tablet&quot;:{&quot;unit&quot;:&quot;px&quot;,&quot;size&quot;:&quot;&quot;,&quot;sizes&quot;:[]},&quot;_transform_translateY_effect_mobile&quot;:{&quot;unit&quot;:&quot;px&quot;,&quot;size&quot;:&quot;&quot;,&quot;sizes&quot;:[]}}\" data-widget_type=\"text-editor.default\">\n\t\t\t\t<div class=\"elementor-widget-container\">\n\t\t\t\t\t\t\t\t\t<p>Obsadenos\u0165 plochy:<\/p>\t\t\t\t\t\t\t\t<\/div>\n\t\t\t\t<\/div>\n\t\t\t\t<div class=\"elementor-element elementor-element-f26a8bf elementor-widget elementor-widget-image\" data-id=\"f26a8bf\" data-element_type=\"widget\" data-widget_type=\"image.default\">\n\t\t\t\t<div class=\"elementor-widget-container\">\n\t\t\t\t\t\t\t\t\t\t\t\t\t\t\t<img decoding=\"async\" width=\"469\" height=\"88\" src=\"https:\/\/www.eurobillboard.sk\/wp-content\/uploads\/2025\/03\/Obsadena-plocha.png\" class=\"attachment-full size-full wp-image-333\" alt=\"\" srcset=\"https:\/\/www.eurobillboard.sk\/wp-content\/uploads\/2025\/03\/Obsadena-plocha.png 469w, https:\/\/www.eurobillboard.sk\/wp-content\/uploads\/2025\/03\/Obsadena-plocha-300x56.png 300w, https:\/\/www.eurobillboard.sk\/wp-content\/uploads\/2025\/03\/Obsadena-plocha-260x49.png 260w, https:\/\/www.eurobillboard.sk\/wp-content\/uploads\/2025\/03\/Obsadena-plocha-50x9.png 50w, https:\/\/www.eurobillboard.sk\/wp-content\/uploads\/2025\/03\/Obsadena-plocha-150x28.png 150w\" sizes=\"(max-width:767px) 469px, 469px\" \/>\t\t\t\t\t\t\t\t\t\t\t\t\t\t\t<\/div>\n\t\t\t\t<\/div>\n\t\t\t\t\t<\/div>\n\t\t\t\t<\/div>\n\t\t<div class=\"elementor-element elementor-element-775639e e-flex e-con-boxed e-con e-parent\" data-id=\"775639e\" data-element_type=\"container\">\n\t\t\t\t\t<div class=\"e-con-inner\">\n\t\t\t\t<div class=\"elementor-element elementor-element-e9cea68 elementor-widget elementor-widget-spacer\" data-id=\"e9cea68\" data-element_type=\"widget\" data-widget_type=\"spacer.default\">\n\t\t\t\t<div class=\"elementor-widget-container\">\n\t\t\t\t\t\t\t<div class=\"elementor-spacer\">\n\t\t\t<div class=\"elementor-spacer-inner\"><\/div>\n\t\t<\/div>\n\t\t\t\t\t\t<\/div>\n\t\t\t\t<\/div>\n\t\t\t\t\t<\/div>\n\t\t\t\t<\/div>\n\t\t<div class=\"elementor-element elementor-element-61ab5d6 e-flex e-con-boxed e-con e-parent\" data-id=\"61ab5d6\" data-element_type=\"container\">\n\t\t\t\t\t<div class=\"e-con-inner\">\n\t\t\t\t<div class=\"elementor-element elementor-element-3ab927b elementor-widget elementor-widget-google_maps\" data-id=\"3ab927b\" data-element_type=\"widget\" data-widget_type=\"google_maps.default\">\n\t\t\t\t<div class=\"elementor-widget-container\">\n\t\t\t\t\t\t\t<div class=\"elementor-custom-embed\">\n\t\t\t<iframe loading=\"lazy\"\n\t\t\t\t\tsrc=\"https:\/\/maps.google.com\/maps?q=48.87548992070426%2C%2018.024529542110688&#038;t=m&#038;z=14&#038;output=embed&#038;iwloc=near\"\n\t\t\t\t\ttitle=\"48.87548992070426, 18.024529542110688\"\n\t\t\t\t\taria-label=\"48.87548992070426, 18.024529542110688\"\n\t\t\t><\/iframe>\n\t\t<\/div>\n\t\t\t\t\t\t<\/div>\n\t\t\t\t<\/div>\n\t\t\t\t\t<\/div>\n\t\t\t\t<\/div>\n\t\t<div class=\"elementor-element elementor-element-42f304e e-flex e-con-boxed e-con e-parent\" data-id=\"42f304e\" data-element_type=\"container\">\n\t\t\t\t\t<div class=\"e-con-inner\">\n\t\t\t\t<div class=\"elementor-element elementor-element-b7680b2 elementor-widget elementor-widget-spacer\" data-id=\"b7680b2\" data-element_type=\"widget\" data-widget_type=\"spacer.default\">\n\t\t\t\t<div class=\"elementor-widget-container\">\n\t\t\t\t\t\t\t<div class=\"elementor-spacer\">\n\t\t\t<div class=\"elementor-spacer-inner\"><\/div>\n\t\t<\/div>\n\t\t\t\t\t\t<\/div>\n\t\t\t\t<\/div>\n\t\t\t\t<div class=\"elementor-element elementor-element-7fb99c1 elementor-widget elementor-widget-spacer\" data-id=\"7fb99c1\" data-element_type=\"widget\" data-widget_type=\"spacer.default\">\n\t\t\t\t<div class=\"elementor-widget-container\">\n\t\t\t\t\t\t\t<div class=\"elementor-spacer\">\n\t\t\t<div class=\"elementor-spacer-inner\"><\/div>\n\t\t<\/div>\n\t\t\t\t\t\t<\/div>\n\t\t\t\t<\/div>\n\t\t\t\t\t<\/div>\n\t\t\t\t<\/div>\n\t\t\t\t<\/div>\n\t\t","protected":false},"excerpt":{"rendered":"<p>TN 51 &#8211; Tren\u010d\u00edn TN 51 &#8211; Tren\u010d\u00edn Inform\u00e1cie o reklamnej ploche: Lokalita: Tren\u010d\u00edn, z Kauflandu Rozmer plochy:\u00a0\u00a0500 x 240 cm Smer:\u00a0OC Laugar\u00edcio Umiestnenie:\u00a0Pred mostom prv\u00fd<span class=\"excerpt-hellip\"> [\u2026]<\/span><\/p>\n","protected":false},"author":1,"featured_media":0,"parent":0,"menu_order":0,"comment_status":"closed","ping_status":"closed","template":"","meta":{"footnotes":""},"class_list":["post-1824","page","type-page","status-publish","hentry"],"_links":{"self":[{"href":"https:\/\/www.eurobillboard.sk\/index.php\/wp-json\/wp\/v2\/pages\/1824","targetHints":{"allow":["GET"]}}],"collection":[{"href":"https:\/\/www.eurobillboard.sk\/index.php\/wp-json\/wp\/v2\/pages"}],"about":[{"href":"https:\/\/www.eurobillboard.sk\/index.php\/wp-json\/wp\/v2\/types\/page"}],"author":[{"embeddable":true,"href":"https:\/\/www.eurobillboard.sk\/index.php\/wp-json\/wp\/v2\/users\/1"}],"replies":[{"embeddable":true,"href":"https:\/\/www.eurobillboard.sk\/index.php\/wp-json\/wp\/v2\/comments?post=1824"}],"version-history":[{"count":11,"href":"https:\/\/www.eurobillboard.sk\/index.php\/wp-json\/wp\/v2\/pages\/1824\/revisions"}],"predecessor-version":[{"id":2029,"href":"https:\/\/www.eurobillboard.sk\/index.php\/wp-json\/wp\/v2\/pages\/1824\/revisions\/2029"}],"wp:attachment":[{"href":"https:\/\/www.eurobillboard.sk\/index.php\/wp-json\/wp\/v2\/media?parent=1824"}],"curies":[{"name":"wp","href":"https:\/\/api.w.org\/{rel}","templated":true}]}}